{"id":34,"date":"2017-10-31T06:37:02","date_gmt":"2017-10-31T06:37:02","guid":{"rendered":"https:\/\/preciousthemes.com\/demo\/business-kit-pro\/?page_id=34"},"modified":"2019-03-22T13:51:33","modified_gmt":"2019-03-22T12:51:33","slug":"ueber-uns","status":"publish","type":"page","link":"https:\/\/unternehmensberatung-klug.de\/en\/ueber-uns\/","title":{"rendered":"About us"},"content":{"rendered":"<p style=\"text-align: justify;\">[ps2id id=&#8217;uberuns&#8216; target=&#8220;\/]Die Unternehmensberatung Klug versteht ihre Beratung als einen robusten und ergebnisorientierten Baustein, der sich passgenau in Ihre Unternehmensabl\u00e4ufe einf\u00fcgt. Wir sind auf das Qualit\u00e4ts-, Risiko- und Gew\u00e4hrleistungsmanagement spezialisiert und setzen uns in den Auftr\u00e4gen daf\u00fcr ein, Sie in einer\u00a0 effektiven und effizienten Weiterentwicklung Ihrer Prozesse zu unterst\u00fctzen.<\/p>\n<p style=\"text-align: justify;\">We have gained vast experience and specialist competence in the international automotive sector. You can rely on our cooperation as we bring an integrated consulting approach to the project and take the relevant interfaces within your organisation into consideration. We are also available to successfully mediate for you with your clients.<\/p>\n<p style=\"text-align: justify;\">When it comes to company organization, products and processes, together with you we will draw up effective long-term solutions that integrate individual internal as well as external requirements in connection with our network partners.<\/p>","protected":false},"excerpt":{"rendered":"<p>[ps2id id=&#8217;uberuns&#8216; target=&#8220;\/]Die Unternehmensberatung Klug versteht ihre Beratung als einen robusten und ergebnisorientierten Baustein, der sich passgenau in Ihre Unternehmensabl\u00e4ufe einf\u00fcgt. Wir sind auf das Qualit\u00e4ts-, Risiko- und Gew\u00e4hrleistungsmanagement spezialisiert und setzen uns in den Auftr\u00e4gen daf\u00fcr ein, Sie in einer\u00a0 effektiven und effizienten Weiterentwicklung Ihrer Prozesse zu unterst\u00fctzen. Wir verf\u00fcgen \u00fcber breit gef\u00e4cherte Erfahrungen &hellip; <\/p>\n<p class=\"link-more\"><a href=\"https:\/\/unternehmensberatung-klug.de\/en\/ueber-uns\/\" class=\"more-link\">Continue reading<span class=\"screen-reader-text\"> &#8222;\u00dcber uns&#8220;<\/span><\/a><\/p>","protected":false},"author":2,"featured_media":1619,"parent":0,"menu_order":0,"comment_status":"closed","ping_status":"closed","template":"","meta":[],"_links":{"self":[{"href":"https:\/\/unternehmensberatung-klug.de\/en\/wp-json\/wp\/v2\/pages\/34"}],"collection":[{"href":"https:\/\/unternehmensberatung-klug.de\/en\/wp-json\/wp\/v2\/pages"}],"about":[{"href":"https:\/\/unternehmensberatung-klug.de\/en\/wp-json\/wp\/v2\/types\/page"}],"author":[{"embeddable":true,"href":"https:\/\/unternehmensberatung-klug.de\/en\/wp-json\/wp\/v2\/users\/2"}],"replies":[{"embeddable":true,"href":"https:\/\/unternehmensberatung-klug.de\/en\/wp-json\/wp\/v2\/comments?post=34"}],"version-history":[{"count":7,"href":"https:\/\/unternehmensberatung-klug.de\/en\/wp-json\/wp\/v2\/pages\/34\/revisions"}],"predecessor-version":[{"id":1639,"href":"https:\/\/unternehmensberatung-klug.de\/en\/wp-json\/wp\/v2\/pages\/34\/revisions\/1639"}],"wp:featuredmedia":[{"embeddable":true,"href":"https:\/\/unternehmensberatung-klug.de\/en\/wp-json\/wp\/v2\/media\/1619"}],"wp:attachment":[{"href":"https:\/\/unternehmensberatung-klug.de\/en\/wp-json\/wp\/v2\/media?parent=34"}],"curies":[{"name":"wp","href":"https:\/\/api.w.org\/{rel}","templated":true}]}}